{"id":7855,"date":"2024-11-19T15:18:47","date_gmt":"2024-11-19T15:18:47","guid":{"rendered":"https:\/\/babygifts.deepdreams.lv\/veikals\/"},"modified":"2024-11-19T16:32:38","modified_gmt":"2024-11-19T16:32:38","slug":"shop","status":"publish","type":"page","link":"https:\/\/babygifts.deepdreams.lv\/en\/shop\/","title":{"rendered":"Shop"},"content":{"rendered":"\t\t<div data-elementor-type=\"wp-page\" data-elementor-id=\"7855\" class=\"elementor elementor-7855 elementor-7838\">\n\t\t\t\t<div class=\"elementor-element elementor-element-44bf095 e-flex e-con-boxed e-con e-parent\" data-id=\"44bf095\" data-element_type=\"container\">\n\t\t\t\t\t<div class=\"e-con-inner\">\n\t\t\t\t<div class=\"elementor-element elementor-element-afa81fc elementor-widget elementor-widget-qi_addons_for_elementor_product_category_list\" data-id=\"afa81fc\" data-element_type=\"widget\" data-widget_type=\"qi_addons_for_elementor_product_category_list.default\">\n\t\t\t\t<div class=\"elementor-widget-container\">\n\t\t\t<div class=\"qodef-shortcode qodef-m  qodef-addons-woo-shortcode qodef-qi-woo-product-category-list qodef-item-layout--info-on-image-boxed qodef-image--hover-zoom  qodef-qi-grid qodef-layout--qi-columns  qodef-col-num--4  qodef-item-layout--info-on-image-boxed qodef-responsive--predefined\">\n\t<div class=\"qodef-grid-inner\">\n\t\t<div class=\"qodef-e qodef-grid-item product-category product first\">\n\t<a href=\"https:\/\/babygifts.deepdreams.lv\/en\/product-category\/tableware-set\/\">\n\t\t\t<div class=\"qodef-e-img-holder\">\n\t\t<img fetchpriority=\"high\" decoding=\"async\" width=\"488\" height=\"650\" src=\"https:\/\/babygifts.deepdreams.lv\/wp-content\/uploads\/2023\/02\/photo_2023-02-27_16-56-31.jpg\" class=\"attachment-qi_addons_for_elementor_image_size_square size-qi_addons_for_elementor_image_size_square\" alt=\"\" srcset=\"https:\/\/babygifts.deepdreams.lv\/wp-content\/uploads\/2023\/02\/photo_2023-02-27_16-56-31.jpg 960w, https:\/\/babygifts.deepdreams.lv\/wp-content\/uploads\/2023\/02\/photo_2023-02-27_16-56-31-600x800.jpg 600w, https:\/\/babygifts.deepdreams.lv\/wp-content\/uploads\/2023\/02\/photo_2023-02-27_16-56-31-225x300.jpg 225w, https:\/\/babygifts.deepdreams.lv\/wp-content\/uploads\/2023\/02\/photo_2023-02-27_16-56-31-768x1024.jpg 768w\" sizes=\"(max-width: 488px) 100vw, 488px\" \/>\t<\/div>\n\t\t\t<h6 class=\"qodef-e-title woocommerce-loop-category__title\">\n\t\tTableware set\t<\/h6>\n\t<\/a>\n<\/div>\n<div class=\"qodef-e qodef-grid-item product-category product\">\n\t<a href=\"https:\/\/babygifts.deepdreams.lv\/en\/product-category\/snack-containers\/\">\n\t\t\t<div class=\"qodef-e-img-holder\">\n\t\t<img decoding=\"async\" width=\"650\" height=\"650\" src=\"https:\/\/babygifts.deepdreams.lv\/wp-content\/uploads\/2023\/04\/20230419_110025-scaled.jpg\" class=\"attachment-qi_addons_for_elementor_image_size_square size-qi_addons_for_elementor_image_size_square\" alt=\"\" srcset=\"https:\/\/babygifts.deepdreams.lv\/wp-content\/uploads\/2023\/04\/20230419_110025-scaled.jpg 2560w, https:\/\/babygifts.deepdreams.lv\/wp-content\/uploads\/2023\/04\/20230419_110025-300x300.jpg 300w, https:\/\/babygifts.deepdreams.lv\/wp-content\/uploads\/2023\/04\/20230419_110025-scaled-100x100.jpg 100w, https:\/\/babygifts.deepdreams.lv\/wp-content\/uploads\/2023\/04\/20230419_110025-600x600.jpg 600w, https:\/\/babygifts.deepdreams.lv\/wp-content\/uploads\/2023\/04\/20230419_110025-1024x1024.jpg 1024w, https:\/\/babygifts.deepdreams.lv\/wp-content\/uploads\/2023\/04\/20230419_110025-150x150.jpg 150w, https:\/\/babygifts.deepdreams.lv\/wp-content\/uploads\/2023\/04\/20230419_110025-768x768.jpg 768w, https:\/\/babygifts.deepdreams.lv\/wp-content\/uploads\/2023\/04\/20230419_110025-1536x1536.jpg 1536w, https:\/\/babygifts.deepdreams.lv\/wp-content\/uploads\/2023\/04\/20230419_110025-2048x2048.jpg 2048w, https:\/\/babygifts.deepdreams.lv\/wp-content\/uploads\/2023\/04\/20230419_110025-1320x1320.jpg 1320w\" sizes=\"(max-width: 650px) 100vw, 650px\" \/>\t<\/div>\n\t\t\t<h6 class=\"qodef-e-title woocommerce-loop-category__title\">\n\t\tSnack containers\t<\/h6>\n\t<\/a>\n<\/div>\n<div class=\"qodef-e qodef-grid-item product-category product\">\n\t<a href=\"https:\/\/babygifts.deepdreams.lv\/en\/product-category\/silicone-toys\/\">\n\t\t\t<div class=\"qodef-e-img-holder\">\n\t\t<img decoding=\"async\" width=\"650\" height=\"650\" src=\"https:\/\/babygifts.deepdreams.lv\/wp-content\/uploads\/2021\/10\/20210706_145642-1-scaled.jpg\" class=\"attachment-qi_addons_for_elementor_image_size_square size-qi_addons_for_elementor_image_size_square\" alt=\"\" srcset=\"https:\/\/babygifts.deepdreams.lv\/wp-content\/uploads\/2021\/10\/20210706_145642-1-scaled.jpg 2560w, https:\/\/babygifts.deepdreams.lv\/wp-content\/uploads\/2021\/10\/20210706_145642-1-300x300.jpg 300w, https:\/\/babygifts.deepdreams.lv\/wp-content\/uploads\/2021\/10\/20210706_145642-1-scaled-100x100.jpg 100w, https:\/\/babygifts.deepdreams.lv\/wp-content\/uploads\/2021\/10\/20210706_145642-1-600x600.jpg 600w, https:\/\/babygifts.deepdreams.lv\/wp-content\/uploads\/2021\/10\/20210706_145642-1-1024x1024.jpg 1024w, https:\/\/babygifts.deepdreams.lv\/wp-content\/uploads\/2021\/10\/20210706_145642-1-150x150.jpg 150w, https:\/\/babygifts.deepdreams.lv\/wp-content\/uploads\/2021\/10\/20210706_145642-1-768x768.jpg 768w, https:\/\/babygifts.deepdreams.lv\/wp-content\/uploads\/2021\/10\/20210706_145642-1-1536x1536.jpg 1536w, https:\/\/babygifts.deepdreams.lv\/wp-content\/uploads\/2021\/10\/20210706_145642-1-2048x2048.jpg 2048w\" sizes=\"(max-width: 650px) 100vw, 650px\" \/>\t<\/div>\n\t\t\t<h6 class=\"qodef-e-title woocommerce-loop-category__title\">\n\t\tSilicone toys\t<\/h6>\n\t<\/a>\n<\/div>\n<div class=\"qodef-e qodef-grid-item product-category product last\">\n\t<a href=\"https:\/\/babygifts.deepdreams.lv\/en\/product-category\/silicone-teether\/\">\n\t\t\t<div class=\"qodef-e-img-holder\">\n\t\t<img loading=\"lazy\" decoding=\"async\" width=\"650\" height=\"650\" src=\"https:\/\/babygifts.deepdreams.lv\/wp-content\/uploads\/2022\/10\/20211227_112103-scaled.jpg\" class=\"attachment-qi_addons_for_elementor_image_size_square size-qi_addons_for_elementor_image_size_square\" alt=\"\" srcset=\"https:\/\/babygifts.deepdreams.lv\/wp-content\/uploads\/2022\/10\/20211227_112103-scaled.jpg 2560w, https:\/\/babygifts.deepdreams.lv\/wp-content\/uploads\/2022\/10\/20211227_112103-300x300.jpg 300w, https:\/\/babygifts.deepdreams.lv\/wp-content\/uploads\/2022\/10\/20211227_112103-scaled-100x100.jpg 100w, https:\/\/babygifts.deepdreams.lv\/wp-content\/uploads\/2022\/10\/20211227_112103-600x600.jpg 600w, https:\/\/babygifts.deepdreams.lv\/wp-content\/uploads\/2022\/10\/20211227_112103-1024x1024.jpg 1024w, https:\/\/babygifts.deepdreams.lv\/wp-content\/uploads\/2022\/10\/20211227_112103-150x150.jpg 150w, https:\/\/babygifts.deepdreams.lv\/wp-content\/uploads\/2022\/10\/20211227_112103-768x768.jpg 768w, https:\/\/babygifts.deepdreams.lv\/wp-content\/uploads\/2022\/10\/20211227_112103-1536x1536.jpg 1536w, https:\/\/babygifts.deepdreams.lv\/wp-content\/uploads\/2022\/10\/20211227_112103-2048x2048.jpg 2048w\" sizes=\"(max-width: 650px) 100vw, 650px\" \/>\t<\/div>\n\t\t\t<h6 class=\"qodef-e-title woocommerce-loop-category__title\">\n\t\tSilicone teether\t<\/h6>\n\t<\/a>\n<\/div>\n<div class=\"qodef-e qodef-grid-item product-category product first\">\n\t<a href=\"https:\/\/babygifts.deepdreams.lv\/en\/product-category\/silicone-snack-cup\/\">\n\t\t\t<div class=\"qodef-e-img-holder\">\n\t\t<img loading=\"lazy\" decoding=\"async\" width=\"472\" height=\"650\" src=\"https:\/\/babygifts.deepdreams.lv\/wp-content\/uploads\/2021\/10\/6.jpg\" class=\"attachment-qi_addons_for_elementor_image_size_square size-qi_addons_for_elementor_image_size_square\" alt=\"\" srcset=\"https:\/\/babygifts.deepdreams.lv\/wp-content\/uploads\/2021\/10\/6.jpg 1418w, https:\/\/babygifts.deepdreams.lv\/wp-content\/uploads\/2021\/10\/6-600x827.jpg 600w, https:\/\/babygifts.deepdreams.lv\/wp-content\/uploads\/2021\/10\/6-218x300.jpg 218w, https:\/\/babygifts.deepdreams.lv\/wp-content\/uploads\/2021\/10\/6-743x1024.jpg 743w, https:\/\/babygifts.deepdreams.lv\/wp-content\/uploads\/2021\/10\/6-768x1058.jpg 768w, https:\/\/babygifts.deepdreams.lv\/wp-content\/uploads\/2021\/10\/6-1115x1536.jpg 1115w\" sizes=\"(max-width: 472px) 100vw, 472px\" \/>\t<\/div>\n\t\t\t<h6 class=\"qodef-e-title woocommerce-loop-category__title\">\n\t\tSilicone Snack cup\t<\/h6>\n\t<\/a>\n<\/div>\n<div class=\"qodef-e qodef-grid-item product-category product\">\n\t<a href=\"https:\/\/babygifts.deepdreams.lv\/en\/product-category\/silicon-plate\/\">\n\t\t\t<div class=\"qodef-e-img-holder\">\n\t\t<img loading=\"lazy\" decoding=\"async\" width=\"487\" height=\"650\" src=\"https:\/\/babygifts.deepdreams.lv\/wp-content\/uploads\/2022\/10\/Screenshot_20211018-164359_Gallery.jpg\" class=\"attachment-qi_addons_for_elementor_image_size_square size-qi_addons_for_elementor_image_size_square\" alt=\"\" srcset=\"https:\/\/babygifts.deepdreams.lv\/wp-content\/uploads\/2022\/10\/Screenshot_20211018-164359_Gallery.jpg 1437w, https:\/\/babygifts.deepdreams.lv\/wp-content\/uploads\/2022\/10\/Screenshot_20211018-164359_Gallery-600x801.jpg 600w, https:\/\/babygifts.deepdreams.lv\/wp-content\/uploads\/2022\/10\/Screenshot_20211018-164359_Gallery-225x300.jpg 225w, https:\/\/babygifts.deepdreams.lv\/wp-content\/uploads\/2022\/10\/Screenshot_20211018-164359_Gallery-767x1024.jpg 767w, https:\/\/babygifts.deepdreams.lv\/wp-content\/uploads\/2022\/10\/Screenshot_20211018-164359_Gallery-768x1025.jpg 768w, https:\/\/babygifts.deepdreams.lv\/wp-content\/uploads\/2022\/10\/Screenshot_20211018-164359_Gallery-1151x1536.jpg 1151w\" sizes=\"(max-width: 487px) 100vw, 487px\" \/>\t<\/div>\n\t\t\t<h6 class=\"qodef-e-title woocommerce-loop-category__title\">\n\t\tSilicone plate\t<\/h6>\n\t<\/a>\n<\/div>\n<div class=\"qodef-e qodef-grid-item product-category product\">\n\t<a href=\"https:\/\/babygifts.deepdreams.lv\/en\/product-category\/silicone-placemat\/\">\n\t\t\t<div class=\"qodef-e-img-holder\">\n\t\t<img loading=\"lazy\" decoding=\"async\" width=\"650\" height=\"650\" src=\"https:\/\/babygifts.deepdreams.lv\/wp-content\/uploads\/2022\/10\/Screenshot_20220427-211602_Instagram.jpg\" class=\"attachment-qi_addons_for_elementor_image_size_square size-qi_addons_for_elementor_image_size_square\" alt=\"\" srcset=\"https:\/\/babygifts.deepdreams.lv\/wp-content\/uploads\/2022\/10\/Screenshot_20220427-211602_Instagram.jpg 1436w, https:\/\/babygifts.deepdreams.lv\/wp-content\/uploads\/2022\/10\/Screenshot_20220427-211602_Instagram-300x300.jpg 300w, https:\/\/babygifts.deepdreams.lv\/wp-content\/uploads\/2022\/10\/Screenshot_20220427-211602_Instagram-100x100.jpg 100w, https:\/\/babygifts.deepdreams.lv\/wp-content\/uploads\/2022\/10\/Screenshot_20220427-211602_Instagram-600x600.jpg 600w, https:\/\/babygifts.deepdreams.lv\/wp-content\/uploads\/2022\/10\/Screenshot_20220427-211602_Instagram-1024x1024.jpg 1024w, https:\/\/babygifts.deepdreams.lv\/wp-content\/uploads\/2022\/10\/Screenshot_20220427-211602_Instagram-150x150.jpg 150w, https:\/\/babygifts.deepdreams.lv\/wp-content\/uploads\/2022\/10\/Screenshot_20220427-211602_Instagram-768x768.jpg 768w\" sizes=\"(max-width: 650px) 100vw, 650px\" \/>\t<\/div>\n\t\t\t<h6 class=\"qodef-e-title woocommerce-loop-category__title\">\n\t\tSilicone placemat\t<\/h6>\n\t<\/a>\n<\/div>\n<div class=\"qodef-e qodef-grid-item product-category product last\">\n\t<a href=\"https:\/\/babygifts.deepdreams.lv\/en\/product-category\/silicone-feeder\/\">\n\t\t\t<div class=\"qodef-e-img-holder\">\n\t\t<img loading=\"lazy\" decoding=\"async\" width=\"650\" height=\"650\" src=\"https:\/\/babygifts.deepdreams.lv\/wp-content\/uploads\/2023\/05\/IMG_20230502_203725_781.webp\" class=\"attachment-qi_addons_for_elementor_image_size_square size-qi_addons_for_elementor_image_size_square\" alt=\"\" srcset=\"https:\/\/babygifts.deepdreams.lv\/wp-content\/uploads\/2023\/05\/IMG_20230502_203725_781.webp 1440w, https:\/\/babygifts.deepdreams.lv\/wp-content\/uploads\/2023\/05\/IMG_20230502_203725_781-300x300.webp 300w, https:\/\/babygifts.deepdreams.lv\/wp-content\/uploads\/2023\/05\/IMG_20230502_203725_781-100x100.webp 100w, https:\/\/babygifts.deepdreams.lv\/wp-content\/uploads\/2023\/05\/IMG_20230502_203725_781-600x600.webp 600w, https:\/\/babygifts.deepdreams.lv\/wp-content\/uploads\/2023\/05\/IMG_20230502_203725_781-1024x1024.webp 1024w, https:\/\/babygifts.deepdreams.lv\/wp-content\/uploads\/2023\/05\/IMG_20230502_203725_781-150x150.webp 150w, https:\/\/babygifts.deepdreams.lv\/wp-content\/uploads\/2023\/05\/IMG_20230502_203725_781-768x768.webp 768w, https:\/\/babygifts.deepdreams.lv\/wp-content\/uploads\/2023\/05\/IMG_20230502_203725_781-1320x1320.webp 1320w\" sizes=\"(max-width: 650px) 100vw, 650px\" \/>\t<\/div>\n\t\t\t<h6 class=\"qodef-e-title woocommerce-loop-category__title\">\n\t\tSilicone feeder\t<\/h6>\n\t<\/a>\n<\/div>\n<div class=\"qodef-e qodef-grid-item product-category product first\">\n\t<a href=\"https:\/\/babygifts.deepdreams.lv\/en\/product-category\/silicone-cup\/\">\n\t\t\t<div class=\"qodef-e-img-holder\">\n\t\t<img loading=\"lazy\" decoding=\"async\" width=\"650\" height=\"648\" src=\"https:\/\/babygifts.deepdreams.lv\/wp-content\/uploads\/2021\/10\/4-scaled.jpg\" class=\"attachment-qi_addons_for_elementor_image_size_square size-qi_addons_for_elementor_image_size_square\" alt=\"\" srcset=\"https:\/\/babygifts.deepdreams.lv\/wp-content\/uploads\/2021\/10\/4-scaled.jpg 2560w, https:\/\/babygifts.deepdreams.lv\/wp-content\/uploads\/2021\/10\/4-300x300.jpg 300w, https:\/\/babygifts.deepdreams.lv\/wp-content\/uploads\/2021\/10\/4-scaled-100x100.jpg 100w, https:\/\/babygifts.deepdreams.lv\/wp-content\/uploads\/2021\/10\/4-600x598.jpg 600w, https:\/\/babygifts.deepdreams.lv\/wp-content\/uploads\/2021\/10\/4-1024x1021.jpg 1024w, https:\/\/babygifts.deepdreams.lv\/wp-content\/uploads\/2021\/10\/4-150x150.jpg 150w, https:\/\/babygifts.deepdreams.lv\/wp-content\/uploads\/2021\/10\/4-768x766.jpg 768w, https:\/\/babygifts.deepdreams.lv\/wp-content\/uploads\/2021\/10\/4-1536x1531.jpg 1536w, https:\/\/babygifts.deepdreams.lv\/wp-content\/uploads\/2021\/10\/4-2048x2042.jpg 2048w\" sizes=\"(max-width: 650px) 100vw, 650px\" \/>\t<\/div>\n\t\t\t<h6 class=\"qodef-e-title woocommerce-loop-category__title\">\n\t\tSilicone cup\t<\/h6>\n\t<\/a>\n<\/div>\n<div class=\"qodef-e qodef-grid-item product-category product\">\n\t<a href=\"https:\/\/babygifts.deepdreams.lv\/en\/product-category\/silicone-bowl\/\">\n\t\t\t<div class=\"qodef-e-img-holder\">\n\t\t<img loading=\"lazy\" decoding=\"async\" width=\"437\" height=\"650\" src=\"https:\/\/babygifts.deepdreams.lv\/wp-content\/uploads\/2021\/10\/5.jpg\" class=\"attachment-qi_addons_for_elementor_image_size_square size-qi_addons_for_elementor_image_size_square\" alt=\"\" srcset=\"https:\/\/babygifts.deepdreams.lv\/wp-content\/uploads\/2021\/10\/5.jpg 1345w, https:\/\/babygifts.deepdreams.lv\/wp-content\/uploads\/2021\/10\/5-600x892.jpg 600w, https:\/\/babygifts.deepdreams.lv\/wp-content\/uploads\/2021\/10\/5-202x300.jpg 202w, https:\/\/babygifts.deepdreams.lv\/wp-content\/uploads\/2021\/10\/5-689x1024.jpg 689w, https:\/\/babygifts.deepdreams.lv\/wp-content\/uploads\/2021\/10\/5-768x1142.jpg 768w, https:\/\/babygifts.deepdreams.lv\/wp-content\/uploads\/2021\/10\/5-1033x1536.jpg 1033w\" sizes=\"(max-width: 437px) 100vw, 437px\" \/>\t<\/div>\n\t\t\t<h6 class=\"qodef-e-title woocommerce-loop-category__title\">\n\t\tSilicone bowl\t<\/h6>\n\t<\/a>\n<\/div>\n<div class=\"qodef-e qodef-grid-item product-category product\">\n\t<a href=\"https:\/\/babygifts.deepdreams.lv\/en\/product-category\/silicone-bib\/\">\n\t\t\t<div class=\"qodef-e-img-holder\">\n\t\t<img loading=\"lazy\" decoding=\"async\" width=\"650\" height=\"650\" src=\"https:\/\/babygifts.deepdreams.lv\/wp-content\/uploads\/2021\/10\/7-scaled.jpg\" class=\"attachment-qi_addons_for_elementor_image_size_square size-qi_addons_for_elementor_image_size_square\" alt=\"\" srcset=\"https:\/\/babygifts.deepdreams.lv\/wp-content\/uploads\/2021\/10\/7-scaled.jpg 2560w, https:\/\/babygifts.deepdreams.lv\/wp-content\/uploads\/2021\/10\/7-300x300.jpg 300w, https:\/\/babygifts.deepdreams.lv\/wp-content\/uploads\/2021\/10\/7-scaled-100x100.jpg 100w, https:\/\/babygifts.deepdreams.lv\/wp-content\/uploads\/2021\/10\/7-600x600.jpg 600w, https:\/\/babygifts.deepdreams.lv\/wp-content\/uploads\/2021\/10\/7-1024x1024.jpg 1024w, https:\/\/babygifts.deepdreams.lv\/wp-content\/uploads\/2021\/10\/7-150x150.jpg 150w, https:\/\/babygifts.deepdreams.lv\/wp-content\/uploads\/2021\/10\/7-768x768.jpg 768w, https:\/\/babygifts.deepdreams.lv\/wp-content\/uploads\/2021\/10\/7-1536x1536.jpg 1536w, https:\/\/babygifts.deepdreams.lv\/wp-content\/uploads\/2021\/10\/7-2048x2048.jpg 2048w\" sizes=\"(max-width: 650px) 100vw, 650px\" \/>\t<\/div>\n\t\t\t<h6 class=\"qodef-e-title woocommerce-loop-category__title\">\n\t\tSilicone bib\t<\/h6>\n\t<\/a>\n<\/div>\n<div class=\"qodef-e qodef-grid-item product-category product last\">\n\t<a href=\"https:\/\/babygifts.deepdreams.lv\/en\/product-category\/pacifier-case\/\">\n\t\t\t<div class=\"qodef-e-img-holder\">\n\t\t<img loading=\"lazy\" decoding=\"async\" width=\"650\" height=\"650\" src=\"https:\/\/babygifts.deepdreams.lv\/wp-content\/uploads\/2022\/10\/20211227_112753-scaled.jpg\" class=\"attachment-qi_addons_for_elementor_image_size_square size-qi_addons_for_elementor_image_size_square\" alt=\"\" srcset=\"https:\/\/babygifts.deepdreams.lv\/wp-content\/uploads\/2022\/10\/20211227_112753-scaled.jpg 2560w, https:\/\/babygifts.deepdreams.lv\/wp-content\/uploads\/2022\/10\/20211227_112753-300x300.jpg 300w, https:\/\/babygifts.deepdreams.lv\/wp-content\/uploads\/2022\/10\/20211227_112753-scaled-100x100.jpg 100w, https:\/\/babygifts.deepdreams.lv\/wp-content\/uploads\/2022\/10\/20211227_112753-600x600.jpg 600w, https:\/\/babygifts.deepdreams.lv\/wp-content\/uploads\/2022\/10\/20211227_112753-1024x1024.jpg 1024w, https:\/\/babygifts.deepdreams.lv\/wp-content\/uploads\/2022\/10\/20211227_112753-150x150.jpg 150w, https:\/\/babygifts.deepdreams.lv\/wp-content\/uploads\/2022\/10\/20211227_112753-768x768.jpg 768w, https:\/\/babygifts.deepdreams.lv\/wp-content\/uploads\/2022\/10\/20211227_112753-1536x1536.jpg 1536w, https:\/\/babygifts.deepdreams.lv\/wp-content\/uploads\/2022\/10\/20211227_112753-2048x2048.jpg 2048w\" sizes=\"(max-width: 650px) 100vw, 650px\" \/>\t<\/div>\n\t\t\t<h6 class=\"qodef-e-title woocommerce-loop-category__title\">\n\t\tPacifier case\t<\/h6>\n\t<\/a>\n<\/div>\n<div class=\"qodef-e qodef-grid-item product-category product first\">\n\t<a href=\"https:\/\/babygifts.deepdreams.lv\/en\/product-category\/multi-cover\/\">\n\t\t\t<div class=\"qodef-e-img-holder\">\n\t\t<img loading=\"lazy\" decoding=\"async\" width=\"488\" height=\"650\" src=\"https:\/\/babygifts.deepdreams.lv\/wp-content\/uploads\/2021\/09\/20201225_122325-scaled.jpg\" class=\"attachment-qi_addons_for_elementor_image_size_square size-qi_addons_for_elementor_image_size_square\" alt=\"\" srcset=\"https:\/\/babygifts.deepdreams.lv\/wp-content\/uploads\/2021\/09\/20201225_122325-scaled.jpg 1920w, https:\/\/babygifts.deepdreams.lv\/wp-content\/uploads\/2021\/09\/20201225_122325-600x800.jpg 600w, https:\/\/babygifts.deepdreams.lv\/wp-content\/uploads\/2021\/09\/20201225_122325-225x300.jpg 225w, https:\/\/babygifts.deepdreams.lv\/wp-content\/uploads\/2021\/09\/20201225_122325-768x1024.jpg 768w, https:\/\/babygifts.deepdreams.lv\/wp-content\/uploads\/2021\/09\/20201225_122325-1152x1536.jpg 1152w, https:\/\/babygifts.deepdreams.lv\/wp-content\/uploads\/2021\/09\/20201225_122325-1536x2048.jpg 1536w\" sizes=\"(max-width: 488px) 100vw, 488px\" \/>\t<\/div>\n\t\t\t<h6 class=\"qodef-e-title woocommerce-loop-category__title\">\n\t\tMulti cover\t<\/h6>\n\t<\/a>\n<\/div>\n<div class=\"qodef-e qodef-grid-item product-category product\">\n\t<a href=\"https:\/\/babygifts.deepdreams.lv\/en\/product-category\/lunch-box\/\">\n\t\t\t<div class=\"qodef-e-img-holder\">\n\t\t<img loading=\"lazy\" decoding=\"async\" width=\"650\" height=\"650\" src=\"https:\/\/babygifts.deepdreams.lv\/wp-content\/uploads\/2023\/04\/20230418_102735-scaled.jpg\" class=\"attachment-qi_addons_for_elementor_image_size_square size-qi_addons_for_elementor_image_size_square\" alt=\"\" srcset=\"https:\/\/babygifts.deepdreams.lv\/wp-content\/uploads\/2023\/04\/20230418_102735-scaled.jpg 2560w, https:\/\/babygifts.deepdreams.lv\/wp-content\/uploads\/2023\/04\/20230418_102735-300x300.jpg 300w, https:\/\/babygifts.deepdreams.lv\/wp-content\/uploads\/2023\/04\/20230418_102735-scaled-100x100.jpg 100w, https:\/\/babygifts.deepdreams.lv\/wp-content\/uploads\/2023\/04\/20230418_102735-600x600.jpg 600w, https:\/\/babygifts.deepdreams.lv\/wp-content\/uploads\/2023\/04\/20230418_102735-1024x1024.jpg 1024w, https:\/\/babygifts.deepdreams.lv\/wp-content\/uploads\/2023\/04\/20230418_102735-150x150.jpg 150w, https:\/\/babygifts.deepdreams.lv\/wp-content\/uploads\/2023\/04\/20230418_102735-768x768.jpg 768w, https:\/\/babygifts.deepdreams.lv\/wp-content\/uploads\/2023\/04\/20230418_102735-1536x1536.jpg 1536w, https:\/\/babygifts.deepdreams.lv\/wp-content\/uploads\/2023\/04\/20230418_102735-2048x2048.jpg 2048w, https:\/\/babygifts.deepdreams.lv\/wp-content\/uploads\/2023\/04\/20230418_102735-1320x1320.jpg 1320w\" sizes=\"(max-width: 650px) 100vw, 650px\" \/>\t<\/div>\n\t\t\t<h6 class=\"qodef-e-title woocommerce-loop-category__title\">\n\t\tLunch box\t<\/h6>\n\t<\/a>\n<\/div>\n<div class=\"qodef-e qodef-grid-item product-category product\">\n\t<a href=\"https:\/\/babygifts.deepdreams.lv\/en\/product-category\/fork-and-spoon-set\/\">\n\t\t\t<div class=\"qodef-e-img-holder\">\n\t\t<img loading=\"lazy\" decoding=\"async\" width=\"650\" height=\"634\" src=\"https:\/\/babygifts.deepdreams.lv\/wp-content\/uploads\/2023\/02\/Screenshot_20220414-162015_Gallery.jpg\" class=\"attachment-qi_addons_for_elementor_image_size_square size-qi_addons_for_elementor_image_size_square\" alt=\"\" srcset=\"https:\/\/babygifts.deepdreams.lv\/wp-content\/uploads\/2023\/02\/Screenshot_20220414-162015_Gallery.jpg 1435w, https:\/\/babygifts.deepdreams.lv\/wp-content\/uploads\/2023\/02\/Screenshot_20220414-162015_Gallery-600x585.jpg 600w, https:\/\/babygifts.deepdreams.lv\/wp-content\/uploads\/2023\/02\/Screenshot_20220414-162015_Gallery-300x293.jpg 300w, https:\/\/babygifts.deepdreams.lv\/wp-content\/uploads\/2023\/02\/Screenshot_20220414-162015_Gallery-1024x999.jpg 1024w, https:\/\/babygifts.deepdreams.lv\/wp-content\/uploads\/2023\/02\/Screenshot_20220414-162015_Gallery-768x749.jpg 768w\" sizes=\"(max-width: 650px) 100vw, 650px\" \/>\t<\/div>\n\t\t\t<h6 class=\"qodef-e-title woocommerce-loop-category__title\">\n\t\tFork and spoon set\t<\/h6>\n\t<\/a>\n<\/div>\n<div class=\"qodef-e qodef-grid-item product-category product last\">\n\t<a href=\"https:\/\/babygifts.deepdreams.lv\/en\/product-category\/birthday-candles\/\">\n\t\t\t<div class=\"qodef-e-img-holder\">\n\t\t<img loading=\"lazy\" decoding=\"async\" width=\"650\" height=\"565\" src=\"https:\/\/babygifts.deepdreams.lv\/wp-content\/uploads\/2023\/03\/IMG_20230319_182301_748-3.jpg\" class=\"attachment-qi_addons_for_elementor_image_size_square size-qi_addons_for_elementor_image_size_square\" alt=\"\" srcset=\"https:\/\/babygifts.deepdreams.lv\/wp-content\/uploads\/2023\/03\/IMG_20230319_182301_748-3.jpg 1095w, https:\/\/babygifts.deepdreams.lv\/wp-content\/uploads\/2023\/03\/IMG_20230319_182301_748-3-600x521.jpg 600w, https:\/\/babygifts.deepdreams.lv\/wp-content\/uploads\/2023\/03\/IMG_20230319_182301_748-3-300x261.jpg 300w, https:\/\/babygifts.deepdreams.lv\/wp-content\/uploads\/2023\/03\/IMG_20230319_182301_748-3-1024x889.jpg 1024w, https:\/\/babygifts.deepdreams.lv\/wp-content\/uploads\/2023\/03\/IMG_20230319_182301_748-3-768x667.jpg 768w\" sizes=\"(max-width: 650px) 100vw, 650px\" \/>\t<\/div>\n\t\t\t<h6 class=\"qodef-e-title woocommerce-loop-category__title\">\n\t\tBirthday candles\t<\/h6>\n\t<\/a>\n<\/div>\n<div class=\"qodef-e qodef-grid-item product-category product first\">\n\t<a href=\"https:\/\/babygifts.deepdreams.lv\/en\/product-category\/beach-bucket-set\/\">\n\t\t\t<div class=\"qodef-e-img-holder\">\n\t\t<img loading=\"lazy\" decoding=\"async\" width=\"650\" height=\"650\" src=\"https:\/\/babygifts.deepdreams.lv\/wp-content\/uploads\/2023\/05\/20230506_141438-scaled.jpg\" class=\"attachment-qi_addons_for_elementor_image_size_square size-qi_addons_for_elementor_image_size_square\" alt=\"\" srcset=\"https:\/\/babygifts.deepdreams.lv\/wp-content\/uploads\/2023\/05\/20230506_141438-scaled.jpg 2560w, https:\/\/babygifts.deepdreams.lv\/wp-content\/uploads\/2023\/05\/20230506_141438-300x300.jpg 300w, https:\/\/babygifts.deepdreams.lv\/wp-content\/uploads\/2023\/05\/20230506_141438-scaled-100x100.jpg 100w, https:\/\/babygifts.deepdreams.lv\/wp-content\/uploads\/2023\/05\/20230506_141438-600x600.jpg 600w, https:\/\/babygifts.deepdreams.lv\/wp-content\/uploads\/2023\/05\/20230506_141438-1024x1024.jpg 1024w, https:\/\/babygifts.deepdreams.lv\/wp-content\/uploads\/2023\/05\/20230506_141438-150x150.jpg 150w, https:\/\/babygifts.deepdreams.lv\/wp-content\/uploads\/2023\/05\/20230506_141438-768x768.jpg 768w, https:\/\/babygifts.deepdreams.lv\/wp-content\/uploads\/2023\/05\/20230506_141438-1536x1536.jpg 1536w, https:\/\/babygifts.deepdreams.lv\/wp-content\/uploads\/2023\/05\/20230506_141438-2048x2048.jpg 2048w, https:\/\/babygifts.deepdreams.lv\/wp-content\/uploads\/2023\/05\/20230506_141438-1320x1320.jpg 1320w\" sizes=\"(max-width: 650px) 100vw, 650px\" \/>\t<\/div>\n\t\t\t<h6 class=\"qodef-e-title woocommerce-loop-category__title\">\n\t\tBeach bucket set\t<\/h6>\n\t<\/a>\n<\/div>\n\t<\/div>\n<\/div>\n\t\t<\/div>\n\t\t\t\t<\/div>\n\t\t\t\t\t<\/div>\n\t\t\t\t<\/div>\n\t\t\t\t<\/div>\n\t\t","protected":false},"excerpt":{"rendered":"<p>Zobgrauzis Uzkodu trauki Uzkodu trauci\u0146\u0161 Trauku komplekts Smil\u0161u komplekts Silikona \u0161\u0137\u012bvis Silikona rota\u013clietas Silikona paliknis Silikona lac\u012bte Silikona gl\u0101z\u012bte Silikona f\u012bder\u012bts Silikona b\u013coda Pusdienu k\u0101rba Multi p\u0101rsegs Knup\u012b\u0161a futl\u0101rs Galda piederumi Ciparu sveces<\/p>\n","protected":false},"author":1,"featured_media":0,"parent":0,"menu_order":0,"comment_status":"closed","ping_status":"closed","template":"","meta":{"inline_featured_image":false,"footnotes":""},"class_list":["post-7855","page","type-page","status-publish","hentry"],"_links":{"self":[{"href":"https:\/\/babygifts.deepdreams.lv\/en\/wp-json\/wp\/v2\/pages\/7855","targetHints":{"allow":["GET"]}}],"collection":[{"href":"https:\/\/babygifts.deepdreams.lv\/en\/wp-json\/wp\/v2\/pages"}],"about":[{"href":"https:\/\/babygifts.deepdreams.lv\/en\/wp-json\/wp\/v2\/types\/page"}],"author":[{"embeddable":true,"href":"https:\/\/babygifts.deepdreams.lv\/en\/wp-json\/wp\/v2\/users\/1"}],"replies":[{"embeddable":true,"href":"https:\/\/babygifts.deepdreams.lv\/en\/wp-json\/wp\/v2\/comments?post=7855"}],"version-history":[{"count":3,"href":"https:\/\/babygifts.deepdreams.lv\/en\/wp-json\/wp\/v2\/pages\/7855\/revisions"}],"predecessor-version":[{"id":7858,"href":"https:\/\/babygifts.deepdreams.lv\/en\/wp-json\/wp\/v2\/pages\/7855\/revisions\/7858"}],"wp:attachment":[{"href":"https:\/\/babygifts.deepdreams.lv\/en\/wp-json\/wp\/v2\/media?parent=7855"}],"curies":[{"name":"wp","href":"https:\/\/api.w.org\/{rel}","templated":true}]}}